{"id":16,"date":"2019-08-14T18:31:33","date_gmt":"2019-08-14T16:31:33","guid":{"rendered":"http:\/\/kyudo-wolfsburg.de\/2019\/?page_id=16"},"modified":"2026-03-22T19:53:45","modified_gmt":"2026-03-22T18:53:45","slug":"aktuelles","status":"publish","type":"page","link":"http:\/\/kyudo-wolfsburg.de\/?page_id=16","title":{"rendered":"Aktuelles"},"content":{"rendered":"\n<p>2026<\/p>\n\n\n\n<p>8. Januar: erstes Training im neuen Jahr<\/p>\n\n\n\n<p>11. Januar und alle ersten Sonntage im Jahr: Taihaitraining mit Hordorf (\u00c4nderungen m\u00f6glich)<\/p>\n\n\n\n<p>25. Januar: Neujahrsschie\u00dfen in Hordorf und G\u00f6ttingen (evtl. kein Training in Wolfsburg)<\/p>\n\n\n\n<p>01. Februar: Neujahrsschie\u00dfen in Wolfsburg, G\u00e4ste willkommen (leider wegen kaputter Hallenheizung ausgefallen)<\/p>\n\n\n\n<p>21. M\u00e4rz: Pr\u00fcfung bis 3. Kyu in Hordorf<\/p>\n\n\n\n<p>13.-19. April: EKF Pr\u00fcfungen, Frankfurt\/Main<\/p>\n\n\n\n<p>9. Mai: Niedersachsenmeisterschaft, Hildesheim<\/p>\n\n\n\n<p>27.\/28. Juni: Deutsche Meisterschaften Kinteki, Karlsruhe<\/p>\n\n\n\n<p>16. August: Enteki Taikai Wolfsburg<\/p>\n\n\n\n<p>5.\/6. September: Deutsche Enteki Meisterschaft, Hannover<\/p>\n\n\n\n<p>13. September: Sg\u00f6naunken Turnier Hasbergen<\/p>\n\n\n\n<p>2.-4. Oktober: Seminar mit R. Pohl, Hasbergen<\/p>\n\n\n\n<p>31.10.-1.11.: TrC-Fortbildung, Barsinghausen<\/p>\n\n\n\n<p>25. Oktober: Schnupperkurs Kyudo, Wolfsburg, Anmeldung: info@kyudo-wolfsburg.de <\/p>\n\n\n\n<p>21.\/22. November: Pr\u00fcfung bis 1. Kyu, Hasbergen<\/p>\n\n\n\n<p><\/p>\n\n\n\n<p>2025<\/p>\n\n\n\n<p>Das erste Training findet am 9. Januar statt.<\/p>\n\n\n\n<p>12. Januar: Neujahrsschie\u00dfen G\u00f6ttingen &#8211; evtl. kein Training in Wolfsburg<\/p>\n\n\n\n<p>26. Januar: Neujahrsschie\u00dfen in Wolfsburg &#8211; G\u00e4ste willkommen<\/p>\n\n\n\n<p>15.\/16. Februar: Lehrgang mit Roland Pohl, Wolfsburg<\/p>\n\n\n\n<p>8.\/9. M\u00e4rz: langes Kyudowochenende, Wolfsburg<\/p>\n\n\n\n<p>20. April: kein Training (Ostersonntag)<\/p>\n\n\n\n<p>1. Mai: Kyudodemonstration beim Ohanami der Dt.-Jp. Gesellschaft, Kirschb\u00e4ume am Theater WOB<\/p>\n\n\n\n<p>10.\/11. Mai: Dan-Vorbereitung mit Stefan Brendel, Wolfsburg<\/p>\n\n\n\n<p>29. Juni: 12. Enteki Taikai Wolfsburg<\/p>\n\n\n\n<p>7. Juli &#8211; 3. August: kein Training (Hallensperrung w\u00e4hrend der Ferien)<\/p>\n\n\n\n<p>12. &#8211; 24. August: Seminare und Dan-Pr\u00fcfungen, Magglingen (Schweiz)<\/p>\n\n\n\n<p>20.\/21. September: Kyudo Enteki DM, Hordorf (Cremlingen)<\/p>\n\n\n\n<p>26. Oktober: Schnupperkurs Kyudo in Wolfsburg, Anmeldung: info@kyudo-wolfsburg.de <\/p>\n\n\n\n<p>8.\/9. November: Pr\u00fcfung 5.-1. Kyu sowie langes Kyudowochenende intern, Wolfsburg<\/p>\n\n\n\n<p>18. Dezember: letztes Training im Jahr 2025<\/p>\n\n\n\n<p><\/p>\n\n\n\n<p>2024<\/p>\n\n\n\n<p>Das erste Training findet am 11. Januar statt. <\/p>\n\n\n\n<p>Kein Training wg. gesperrter Halle am 28. Januar und 01. und 04. Februar<\/p>\n\n\n\n<p>24. 03. Abteilungsversammlung Kyudo im VfL Wolfsburg e.V.<\/p>\n\n\n\n<p>4. April: das erste Training nach Ostern<\/p>\n\n\n\n<p>14. April: Pr\u00fcfung 5.-3. Kyu in Wolfsburg<\/p>\n\n\n\n<p>20. April: Landesmeisterschaft in G\u00f6ttingen<\/p>\n\n\n\n<p>27.\/28. April: Wettkampfrichterseminar des DKyuB in Wolfsburg<\/p>\n\n\n\n<p>01. Juni: 100 Pfeile Turnier in Hasbergen<\/p>\n\n\n\n<p>8.\/9. Juni Deutsche Meisterschaften, Frankfurt\/Main<\/p>\n\n\n\n<p>23. Juni: Vereinsinternes Grillen beim Trainer im Garten <\/p>\n\n\n\n<p>30. Juni: Enteki Taikai Wolfsburg im Stadion am Elsterweg<\/p>\n\n\n\n<p>Juli: Kein Training, weil die st\u00e4dtischen Hallen geschlossen sind<\/p>\n\n\n\n<p>01. August: Trainingsbeginn nach den Sommerferien<\/p>\n\n\n\n<p>11. August : kein Training, daf\u00fcr Teilnahme am Glockenfest der Kirchen Vorsfelde<\/p>\n\n\n\n<p>24.\/25. August: Wir zu Gast in Hasbergen<\/p>\n\n\n\n<p>8. September: Video Shinsa, evtl. kein Training<\/p>\n\n\n\n<p>15. September: Schnupperkurs in Wolfsburg. Anmeldung: info@kyudo-wolfsburg.de <\/p>\n\n\n\n<p>21.\/22. September: Deutsche Enteki Meisterschaften in Hordorf (Cremlingen)<\/p>\n\n\n\n<p>2.\/3. November: Seminar f\u00fcr nieders\u00e4chsische \u00dcbungsleiter <\/p>\n\n\n\n<p>Das letzte Training ist am 15. Dezember 2024.<\/p>\n\n\n\n<p><\/p>\n\n\n\n<p><\/p>\n\n\n\n<p>2023<\/p>\n\n\n\n<p>Im neuen Jahr beginnt das Training am 12. Januar.<\/p>\n\n\n\n<p>Schnupperkurs: 29. Januar, 10-13 Uhr<\/p>\n\n\n\n<p>Am 4.\/5. Februar findet ein Seminar mit Roland Pohl statt. <\/p>\n\n\n\n<p>24.\/25. Februar Lehrgang mit Roland Pohl in Kiel. <\/p>\n\n\n\n<p>18. M\u00e4rz Kyudo Landesmeisterschaft in WOB, Grundschule Alt Wolfsburg<\/p>\n\n\n\n<p>O-Hanami am 1. Mai (Kirschbl\u00fctenfest) am Theater in Wolfsburg<\/p>\n\n\n\n<p>2. Juli findet unser 10. Enteki Taikai im VfL-Stadion am Elsterweg statt.<\/p>\n\n\n\n<p>Schnupperkurs: 17. September, 10-13 Uhr. Anmeldung info@kyudo-wolfsburg.de <\/p>\n\n\n\n<p>30.09.\/01.10. Deutsche Kyu-Meisterschaft, Grundschule Alt Wolfsburg<\/p>\n\n\n\n<p>Schnupperkurs: 12. November, 10-13 Uhr, Anmeldung info@kyudo-wolfsburg.de<\/p>\n\n\n\n<p>geplant: Highspeed-Aufnahmen in Kooperation mit der Ostfalia und Inagashi &#8211; Weitschie\u00dfen<\/p>\n\n\n\n<p>Das letzte Training 2023 ist am 17. Dezember.<\/p>\n","protected":false},"excerpt":{"rendered":"<p>2026 8. Januar: erstes Training im neuen Jahr 11. Januar und alle ersten Sonntage im Jahr: Taihaitraining mit Hordorf (\u00c4nderungen m\u00f6glich) 25. Januar: Neujahrsschie\u00dfen in Hordorf und G\u00f6ttingen (evtl. kein Training in Wolfsburg) 01. Februar: Neujahrsschie\u00dfen in Wolfsburg, G\u00e4ste willkommen (leider wegen kaputter Hallenheizung ausgefallen) 21. M\u00e4rz: Pr\u00fcfung bis 3. Kyu in Hordorf 13.-19. April: [&hellip;]<\/p>\n","protected":false},"author":1,"featured_media":0,"parent":0,"menu_order":0,"comment_status":"closed","ping_status":"closed","template":"","meta":{"footnotes":""},"class_list":["post-16","page","type-page","status-publish","hentry"],"_links":{"self":[{"href":"http:\/\/kyudo-wolfsburg.de\/index.php?rest_route=\/wp\/v2\/pages\/16","targetHints":{"allow":["GET"]}}],"collection":[{"href":"http:\/\/kyudo-wolfsburg.de\/index.php?rest_route=\/wp\/v2\/pages"}],"about":[{"href":"http:\/\/kyudo-wolfsburg.de\/index.php?rest_route=\/wp\/v2\/types\/page"}],"author":[{"embeddable":true,"href":"http:\/\/kyudo-wolfsburg.de\/index.php?rest_route=\/wp\/v2\/users\/1"}],"replies":[{"embeddable":true,"href":"http:\/\/kyudo-wolfsburg.de\/index.php?rest_route=%2Fwp%2Fv2%2Fcomments&post=16"}],"version-history":[{"count":41,"href":"http:\/\/kyudo-wolfsburg.de\/index.php?rest_route=\/wp\/v2\/pages\/16\/revisions"}],"predecessor-version":[{"id":467,"href":"http:\/\/kyudo-wolfsburg.de\/index.php?rest_route=\/wp\/v2\/pages\/16\/revisions\/467"}],"wp:attachment":[{"href":"http:\/\/kyudo-wolfsburg.de\/index.php?rest_route=%2Fwp%2Fv2%2Fmedia&parent=16"}],"curies":[{"name":"wp","href":"https:\/\/api.w.org\/{rel}","templated":true}]}}