{"id":20,"date":"2019-08-14T18:32:59","date_gmt":"2019-08-14T16:32:59","guid":{"rendered":"http:\/\/kyudo-wolfsburg.de\/2019\/?page_id=20"},"modified":"2023-03-15T20:19:24","modified_gmt":"2023-03-15T19:19:24","slug":"kontakt","status":"publish","type":"page","link":"http:\/\/kyudo-wolfsburg.de\/?page_id=20","title":{"rendered":"Impressum &#038; Kontakt"},"content":{"rendered":"\n<p><strong>Angaben gem\u00e4\u00df \u00a7 5 TMG<\/strong><br>Markus Hanssler<br>Tannenweg 12<br>38473 Tiddische-Hoitlingen<\/p>\n\n\n\n<p><\/p>\n\n\n\n<p><strong>Kontakt<\/strong><br><strong>Telefon:<\/strong> 0170 579 5990<br><strong>Email: <\/strong>info@kyudo-wolfsburg.de<\/p>\n\n\n\n<p><\/p>\n\n\n\n<p><strong>Vereinsinformation<\/strong><br>Kyudo Wolfsburg ist eine Abteilung des <a rel=\"noreferrer noopener\" href=\"http:\/\/www.vfl-wob.de\" target=\"_blank\">VfL Wolfsburg e.V<\/a>., Elsterweg 5, 38446 Wolfsburg.<\/p>\n\n\n\n<p><\/p>\n\n\n\n<p><strong>Redaktionelle Verantwortung<\/strong><br>Markus Hanssler<br>Abgrenzung: Wir \u00fcbernehmen keine Verantwortung f\u00fcr die Inhalte externer Links. F\u00fcr deren Inhalte sind ausschlie\u00dflich deren Betreiber verantwortlich. <\/p>\n\n\n\n<p><em>Quelle: https:\/\/e-recht24.de<\/em><\/p>\n\n\n\n<p><strong><a href=\"http:\/\/kyudo-wolfsburg.de\/?page_id=346\">Datenschutzerkl\u00e4rung<\/a><\/strong><\/p>\n\n\n\n<p><\/p>\n","protected":false},"excerpt":{"rendered":"<p>Angaben gem\u00e4\u00df \u00a7 5 TMGMarkus HansslerTannenweg 1238473 Tiddische-Hoitlingen KontaktTelefon: 0170 579 5990Email: info@kyudo-wolfsburg.de VereinsinformationKyudo Wolfsburg ist eine Abteilung des VfL Wolfsburg e.V., Elsterweg 5, 38446 Wolfsburg. Redaktionelle VerantwortungMarkus HansslerAbgrenzung: Wir \u00fcbernehmen keine Verantwortung f\u00fcr die Inhalte externer Links. F\u00fcr deren Inhalte sind ausschlie\u00dflich deren Betreiber verantwortlich. Quelle: https:\/\/e-recht24.de Datenschutzerkl\u00e4rung<\/p>\n","protected":false},"author":1,"featured_media":0,"parent":0,"menu_order":0,"comment_status":"closed","ping_status":"closed","template":"","meta":{"footnotes":""},"class_list":["post-20","page","type-page","status-publish","hentry"],"_links":{"self":[{"href":"http:\/\/kyudo-wolfsburg.de\/index.php?rest_route=\/wp\/v2\/pages\/20","targetHints":{"allow":["GET"]}}],"collection":[{"href":"http:\/\/kyudo-wolfsburg.de\/index.php?rest_route=\/wp\/v2\/pages"}],"about":[{"href":"http:\/\/kyudo-wolfsburg.de\/index.php?rest_route=\/wp\/v2\/types\/page"}],"author":[{"embeddable":true,"href":"http:\/\/kyudo-wolfsburg.de\/index.php?rest_route=\/wp\/v2\/users\/1"}],"replies":[{"embeddable":true,"href":"http:\/\/kyudo-wolfsburg.de\/index.php?rest_route=%2Fwp%2Fv2%2Fcomments&post=20"}],"version-history":[{"count":12,"href":"http:\/\/kyudo-wolfsburg.de\/index.php?rest_route=\/wp\/v2\/pages\/20\/revisions"}],"predecessor-version":[{"id":352,"href":"http:\/\/kyudo-wolfsburg.de\/index.php?rest_route=\/wp\/v2\/pages\/20\/revisions\/352"}],"wp:attachment":[{"href":"http:\/\/kyudo-wolfsburg.de\/index.php?rest_route=%2Fwp%2Fv2%2Fmedia&parent=20"}],"curies":[{"name":"wp","href":"https:\/\/api.w.org\/{rel}","templated":true}]}}