{"id":22,"date":"2019-08-14T18:33:18","date_gmt":"2019-08-14T16:33:18","guid":{"rendered":"http:\/\/kyudo-wolfsburg.de\/2019\/?page_id=22"},"modified":"2025-08-10T21:19:37","modified_gmt":"2025-08-10T19:19:37","slug":"links","status":"publish","type":"page","link":"http:\/\/kyudo-wolfsburg.de\/?page_id=22","title":{"rendered":"Links"},"content":{"rendered":"\n<p>Hier einige Links zu informativen deutschen Kyudoseiten oder befreundeten Vereinen<\/p>\n\n\n\n<p><a href=\"http:\/\/www.kyudo.de\/\">DKyuB<\/a>&nbsp;&#8211; der Deutsche Kyudobund mit Informationen \u00fcber alles, was in Deutschland mit Kyudo zu tun hat<\/p>\n\n\n\n<p>Hannover: <a href=\"http:\/\/www.kyudo-in-hannover.de\/\">Kyudo in Hannover<\/a>\u00a0und <a href=\"http:\/\/www.kyudo-hannover.de\">Zanshin-Do<\/a><\/p>\n\n\n\n<p><a href=\"http:\/\/www.kyudo-hordorf.de\">Kyudojo in Hordorf <\/a>&#8211; die n\u00e4chsten Nachbarn<\/p>\n\n\n\n<p><a href=\"http:\/\/www.kyudo-niedersachsen.de\/clubs.html\">Kyudo in Niedersachsen<\/a> &#8211; alle nieders\u00e4chsischen Vereine mit Ansprechpartner<\/p>\n\n\n\n<p><a href=\"http:\/\/www.kyudopfeile.de\/\">Kyudopfeile<\/a>&nbsp;&#8211; Internetshop f\u00fcr Kyudozubeh\u00f6r von Thoralf Schuchert<\/p>\n\n\n\n<p><a href=\"http:\/\/www.chantik.de\/\">Chantik<\/a>\u00a0&#8211; Internetshop f\u00fcr Kyudozubeh\u00f6r von Heike Dunkel und Shigeyasu Kameo<\/p>\n\n\n\n<p><a href=\"http:\/\/www.asahi-archery.co.jp\/kyudo_e\/fletcher_en.pdf\">Asahi Archery<\/a>&nbsp;&#8211; Anleitung zum Pfeilbau<\/p>\n\n\n\n<p><a href=\"http:\/\/www.kyudotermine.de\/\">Kyudotermine<\/a>&nbsp;&#8211; Kyudotermine bundesweit aktuell<\/p>\n\n\n\n<p><a href=\"https:\/\/kyudo.jp\/howto\/terminology.html\" target=\"_blank\" rel=\"noreferrer noopener\">Kyudo Lexikon Japanisch-Englisch<\/a>, Japanische Begriffe inkl. kanji, sehr umfangreich<\/p>\n\n\n\n<p><a href=\"http:\/\/www.matthiaslanger.net\">Matthias Langer<\/a> &#8211; Erfinder unseres Logo<\/p>\n\n\n\n<p>Bitte beachten &#8211; trotz sorgf\u00e4ltiger Kontrolle \u00fcbernehmen wir keine Haftung f\u00fcr die Inhalte externer Links.<br>F\u00fcr deren Inhalte sind ausschlie\u00dflich deren Betreiber verantwortlich.\n\n<\/p>\n\n\n<p><!--EndFragment--><\/p>","protected":false},"excerpt":{"rendered":"<p>Hier einige Links zu informativen deutschen Kyudoseiten oder befreundeten Vereinen DKyuB&nbsp;&#8211; der Deutsche Kyudobund mit Informationen \u00fcber alles, was in Deutschland mit Kyudo zu tun hat Hannover: Kyudo in Hannover\u00a0und Zanshin-Do Kyudojo in Hordorf &#8211; die n\u00e4chsten Nachbarn Kyudo in Niedersachsen &#8211; alle nieders\u00e4chsischen Vereine mit Ansprechpartner Kyudopfeile&nbsp;&#8211; Internetshop f\u00fcr Kyudozubeh\u00f6r von Thoralf Schuchert Chantik\u00a0&#8211; [&hellip;]<\/p>\n","protected":false},"author":1,"featured_media":0,"parent":0,"menu_order":0,"comment_status":"closed","ping_status":"closed","template":"","meta":{"footnotes":""},"class_list":["post-22","page","type-page","status-publish","hentry"],"_links":{"self":[{"href":"http:\/\/kyudo-wolfsburg.de\/index.php?rest_route=\/wp\/v2\/pages\/22","targetHints":{"allow":["GET"]}}],"collection":[{"href":"http:\/\/kyudo-wolfsburg.de\/index.php?rest_route=\/wp\/v2\/pages"}],"about":[{"href":"http:\/\/kyudo-wolfsburg.de\/index.php?rest_route=\/wp\/v2\/types\/page"}],"author":[{"embeddable":true,"href":"http:\/\/kyudo-wolfsburg.de\/index.php?rest_route=\/wp\/v2\/users\/1"}],"replies":[{"embeddable":true,"href":"http:\/\/kyudo-wolfsburg.de\/index.php?rest_route=%2Fwp%2Fv2%2Fcomments&post=22"}],"version-history":[{"count":12,"href":"http:\/\/kyudo-wolfsburg.de\/index.php?rest_route=\/wp\/v2\/pages\/22\/revisions"}],"predecessor-version":[{"id":451,"href":"http:\/\/kyudo-wolfsburg.de\/index.php?rest_route=\/wp\/v2\/pages\/22\/revisions\/451"}],"wp:attachment":[{"href":"http:\/\/kyudo-wolfsburg.de\/index.php?rest_route=%2Fwp%2Fv2%2Fmedia&parent=22"}],"curies":[{"name":"wp","href":"https:\/\/api.w.org\/{rel}","templated":true}]}}